{"id":219161,"date":"2021-04-03T20:11:12","date_gmt":"2021-04-03T20:11:12","guid":{"rendered":"https:\/\/www.net-adm.de\/?page_id=219161"},"modified":"2021-08-24T08:37:41","modified_gmt":"2021-08-24T08:37:41","slug":"startseite","status":"publish","type":"page","link":"https:\/\/www.net-adm.de\/","title":{"rendered":"Startseite"},"content":{"rendered":"<p>[et_pb_section fb_built=&#8220;1&#8243; admin_label=&#8220;Hero Section&#8220; _builder_version=&#8220;4.6.5&#8243; use_background_color_gradient=&#8220;on&#8220; background_color_gradient_start=&#8220;#0c71c3&#8243; background_color_gradient_end=&#8220;#212529&#8243; background_image=&#8220;http:\/\/www.net-adm.de\/wp-content\/uploads\/2021\/03\/DSSD.jpg&#8220; background_blend=&#8220;screen&#8220; custom_padding=&#8220;67px|0px|0px|0px||&#8220;][et_pb_row column_structure=&#8220;1_2,1_2&#8243; _builder_version=&#8220;4.6.5&#8243; background_size=&#8220;initial&#8220; background_position=&#8220;top_left&#8220; background_repeat=&#8220;repeat&#8220; custom_margin=&#8220;-24px|auto||auto||&#8220; custom_padding=&#8220;40px|||||&#8220;][et_pb_column type=&#8220;1_2&#8243; _builder_version=&#8220;3.25&#8243; custom_padding=&#8220;|||&#8220; custom_padding__hover=&#8220;|||&#8220;][et_pb_text _builder_version=&#8220;3.27.4&#8243; text_font=&#8220;PT Sans||||||||&#8220; text_text_color=&#8220;rgba(255,255,255,0.7)&#8220; text_font_size=&#8220;18px&#8220; text_line_height=&#8220;1.8em&#8220; header_font=&#8220;Poppins|500|||||||&#8220; header_font_size=&#8220;44px&#8220; header_line_height=&#8220;1.3em&#8220; header_2_font=&#8220;||||||||&#8220; header_3_font=&#8220;||||||||&#8220; header_4_font=&#8220;||||||||&#8220; background_layout=&#8220;dark&#8220;]<\/p>\n<h1><span style=\"color: #231f1a;\">Net-AD IT Solutions<\/span><\/h1>\n<h1><\/h1>\n<p>[\/et_pb_text][et_pb_blurb title=&#8220;IT-L\u00f6sungsanbieter f\u00fcr kleine und mittelst\u00e4ndische Unternehmen&#8220; use_icon=&#8220;on&#8220; font_icon=&#8220;%%202%%&#8220; icon_color=&#8220;#0c71c3&#8243; icon_placement=&#8220;left&#8220; use_icon_font_size=&#8220;on&#8220; icon_font_size=&#8220;24px&#8220; _builder_version=&#8220;4.6.5&#8243; header_font=&#8220;||||||||&#8220; header_text_color=&#8220;#231f1a&#8220; header_line_height=&#8220;1.3em&#8220; body_font=&#8220;||||||||&#8220; background_layout=&#8220;dark&#8220; locked=&#8220;off&#8220;][\/et_pb_blurb][et_pb_blurb title=&#8220;mehr als 18 Jahre Branchenerfahrung&#8220; use_icon=&#8220;on&#8220; font_icon=&#8220;%%202%%&#8220; icon_color=&#8220;#0c71c3&#8243; icon_placement=&#8220;left&#8220; use_icon_font_size=&#8220;on&#8220; icon_font_size=&#8220;24px&#8220; _builder_version=&#8220;4.6.5&#8243; header_font=&#8220;||||||||&#8220; header_text_color=&#8220;#231f1a&#8220; header_line_height=&#8220;1.3em&#8220; body_font=&#8220;||||||||&#8220; background_layout=&#8220;dark&#8220; locked=&#8220;off&#8220;][\/et_pb_blurb][et_pb_blurb title=&#8220;Unternehmensgr\u00fcndung 2007&#8243; use_icon=&#8220;on&#8220; font_icon=&#8220;%%202%%&#8220; icon_color=&#8220;#0c71c3&#8243; icon_placement=&#8220;left&#8220; use_icon_font_size=&#8220;on&#8220; icon_font_size=&#8220;24px&#8220; _builder_version=&#8220;4.6.5&#8243; header_font=&#8220;||||||||&#8220; header_text_color=&#8220;#231f1a&#8220; header_line_height=&#8220;1.3em&#8220; body_font=&#8220;||||||||&#8220; background_layout=&#8220;dark&#8220; locked=&#8220;off&#8220;][\/et_pb_blurb][et_pb_button button_text=&#8220;\u00dcber Uns&#8220; _builder_version=&#8220;4.6.5&#8243; custom_button=&#8220;on&#8220; button_text_size=&#8220;16px&#8220; button_text_color=&#8220;#ffffff&#8220; button_bg_color=&#8220;#4daaf2&#8243; button_border_color=&#8220;#4daaf2&#8243; button_border_radius=&#8220;100px&#8220; button_font=&#8220;PT Sans|700|||||||&#8220; button_use_icon=&#8220;off&#8220; custom_margin=&#8220;|||&#8220; custom_padding=&#8220;10px|30px|10px|30px&#8220; box_shadow_style=&#8220;preset3&#8243; box_shadow_vertical=&#8220;8px&#8220; box_shadow_blur=&#8220;35px&#8220; box_shadow_color=&#8220;rgba(77,170,242,0.36)&#8220; button_text_size__hover_enabled=&#8220;off&#8220; button_one_text_size__hover_enabled=&#8220;off&#8220; button_two_text_size__hover_enabled=&#8220;off&#8220; button_text_color__hover_enabled=&#8220;off&#8220; button_one_text_color__hover_enabled=&#8220;off&#8220; button_two_text_color__hover_enabled=&#8220;off&#8220; button_border_width__hover_enabled=&#8220;off&#8220; button_one_border_width__hover_enabled=&#8220;off&#8220; button_two_border_width__hover_enabled=&#8220;off&#8220; button_border_color__hover_enabled=&#8220;off&#8220; button_one_border_color__hover_enabled=&#8220;off&#8220; button_two_border_color__hover_enabled=&#8220;off&#8220; button_border_radius__hover_enabled=&#8220;off&#8220; button_one_border_radius__hover_enabled=&#8220;off&#8220; button_two_border_radius__hover_enabled=&#8220;off&#8220; button_letter_spacing__hover_enabled=&#8220;off&#8220; button_one_letter_spacing__hover_enabled=&#8220;off&#8220; button_two_letter_spacing__hover_enabled=&#8220;off&#8220; button_bg_color__hover_enabled=&#8220;off&#8220; button_one_bg_color__hover_enabled=&#8220;off&#8220; button_two_bg_color__hover_enabled=&#8220;off&#8220;][\/et_pb_button][\/et_pb_column][et_pb_column type=&#8220;1_2&#8243; _builder_version=&#8220;3.25&#8243; background_blend=&#8220;overlay&#8220; custom_padding=&#8220;|||&#8220; custom_padding__hover=&#8220;|||&#8220;][et_pb_image src=&#8220;http:\/\/www.net-adm.de\/wp-content\/uploads\/2021\/03\/finance-illustration-01.png&#8220; title_text=&#8220;finance-illustration-01&#8243; _builder_version=&#8220;4.6.5&#8243; _module_preset=&#8220;default&#8220; width=&#8220;88%&#8220;][\/et_pb_image][\/et_pb_column][\/et_pb_row][\/et_pb_section][et_pb_section fb_built=&#8220;1&#8243; admin_label=&#8220;Our Services&#8220; _builder_version=&#8220;4.6.5&#8243; parallax=&#8220;on&#8220; background_video_mp4=&#8220;http:\/\/www.net-adm.de\/wp-content\/uploads\/2021\/06\/Pexels-Videos-4552.mp4&#8243; custom_padding=&#8220;24px|0px|100px|0px|false|false&#8220;][et_pb_row _builder_version=&#8220;4.6.5&#8243; _module_preset=&#8220;default&#8220; custom_padding=&#8220;13px|||||&#8220;][et_pb_column type=&#8220;4_4&#8243; _builder_version=&#8220;4.6.5&#8243; _module_preset=&#8220;default&#8220;][et_pb_text _builder_version=&#8220;4.6.5&#8243; _module_preset=&#8220;default&#8220; text_text_color=&#8220;#0C71C3&#8243;]<\/p>\n<p><span style=\"font-size: xx-large; color: #ffffff;\"><strong>Unsere Kerndienstleistungen:<\/strong><\/span><\/p>\n<p>[\/et_pb_text][\/et_pb_column][\/et_pb_row][et_pb_row column_structure=&#8220;1_3,1_3,1_3&#8243; use_custom_gutter=&#8220;on&#8220; gutter_width=&#8220;2&#8243; _builder_version=&#8220;3.25&#8243;][et_pb_column type=&#8220;1_3&#8243; _builder_version=&#8220;3.25&#8243; background_color=&#8220;#2e3858&#8243; custom_padding=&#8220;30px|30px|30px|30px&#8220; custom_padding__hover=&#8220;|||&#8220;][et_pb_blurb title=&#8220;IT-Sicherheit&#8220; image=&#8220;http:\/\/www.net-adm.de\/wp-content\/uploads\/2021\/03\/safe-box.png&#8220; image_max_width=&#8220;33%&#8220; content_max_width=&#8220;284px&#8220; _builder_version=&#8220;4.6.5&#8243; header_font=&#8220;PT Sans|700|||||||&#8220; header_line_height=&#8220;25px&#8220; body_font=&#8220;PT Sans||||||||&#8220; body_text_color=&#8220;rgba(255,255,255,0.7)&#8220; body_font_size=&#8220;16px&#8220; body_line_height=&#8220;1.8em&#8220; text_orientation=&#8220;center&#8220; background_layout=&#8220;dark&#8220; custom_margin=&#8220;|||&#8220; custom_padding=&#8220;|||&#8220; animation_style=&#8220;slide&#8220; animation_direction=&#8220;bottom&#8220; animation_intensity_slide=&#8220;10%&#8220; animation=&#8220;off&#8220;]<\/p>\n<p>technische Absicherung der IT-Systeme gegen\u00fcber externe Bedrohungen<\/p>\n<p>[\/et_pb_blurb][et_pb_button button_url=&#8220;https:\/\/www.net-adm.de\/?page_id=219340&#8243; button_text=&#8220;mehr&#8220; button_alignment=&#8220;center&#8220; _builder_version=&#8220;4.6.5&#8243; custom_button=&#8220;on&#8220; button_text_size=&#8220;14px&#8220; button_text_color=&#8220;#4daaf2&#8243; button_border_width=&#8220;0px&#8220; button_border_radius=&#8220;0px&#8220; button_letter_spacing=&#8220;0px&#8220; button_font=&#8220;PT Sans|700||on|||||&#8220; button_on_hover=&#8220;off&#8220; custom_margin=&#8220;|||&#8220; custom_padding=&#8220;|||&#8220; button_text_size__hover_enabled=&#8220;off&#8220; button_one_text_size__hover_enabled=&#8220;off&#8220; button_two_text_size__hover_enabled=&#8220;off&#8220; button_text_color__hover_enabled=&#8220;off&#8220; button_one_text_color__hover_enabled=&#8220;off&#8220; button_two_text_color__hover_enabled=&#8220;off&#8220; button_border_width__hover_enabled=&#8220;off&#8220; button_one_border_width__hover_enabled=&#8220;off&#8220; button_two_border_width__hover_enabled=&#8220;off&#8220; button_border_color__hover_enabled=&#8220;off&#8220; button_one_border_color__hover_enabled=&#8220;off&#8220; button_two_border_color__hover_enabled=&#8220;off&#8220; button_border_radius__hover_enabled=&#8220;off&#8220; button_one_border_radius__hover_enabled=&#8220;off&#8220; button_two_border_radius__hover_enabled=&#8220;off&#8220; button_letter_spacing__hover_enabled=&#8220;off&#8220; button_one_letter_spacing__hover_enabled=&#8220;off&#8220; button_two_letter_spacing__hover_enabled=&#8220;off&#8220; button_bg_color__hover_enabled=&#8220;off&#8220; button_one_bg_color__hover_enabled=&#8220;off&#8220; button_two_bg_color__hover_enabled=&#8220;off&#8220;][\/et_pb_button][\/et_pb_column][et_pb_column type=&#8220;1_3&#8243; _builder_version=&#8220;3.25&#8243; background_color=&#8220;#2e3858&#8243; custom_padding=&#8220;30px|30px|30px|30px&#8220; custom_padding__hover=&#8220;|||&#8220;][et_pb_blurb title=&#8220;IT-Backup &#038; Archivierung&#8220; image=&#8220;http:\/\/www.net-adm.de\/wp-content\/uploads\/2021\/03\/backup.png&#8220; image_max_width=&#8220;33%&#8220; content_max_width=&#8220;284px&#8220; _builder_version=&#8220;4.6.5&#8243; header_font=&#8220;PT Sans|700|||||||&#8220; header_line_height=&#8220;25px&#8220; body_font=&#8220;PT Sans||||||||&#8220; body_text_color=&#8220;rgba(255,255,255,0.7)&#8220; body_font_size=&#8220;16px&#8220; body_line_height=&#8220;1.8em&#8220; text_orientation=&#8220;center&#8220; background_layout=&#8220;dark&#8220; custom_margin=&#8220;|||&#8220; custom_padding=&#8220;|||&#8220; animation_style=&#8220;slide&#8220; animation_direction=&#8220;bottom&#8220; animation_delay=&#8220;100ms&#8220; animation_intensity_slide=&#8220;10%&#8220; animation=&#8220;off&#8220;]<\/p>\n<p>L\u00f6sungen f\u00fcr Datenverlust und Datenaufbewahungsrichtlinien<\/p>\n<p>[\/et_pb_blurb][et_pb_button button_url=&#8220;https:\/\/www.net-adm.de\/?page_id=219340&#8243; button_text=&#8220;mehr&#8220; button_alignment=&#8220;center&#8220; _builder_version=&#8220;4.6.5&#8243; custom_button=&#8220;on&#8220; button_text_size=&#8220;14px&#8220; button_text_color=&#8220;#50e0aa&#8220; button_border_width=&#8220;0px&#8220; button_border_radius=&#8220;0px&#8220; button_letter_spacing=&#8220;0px&#8220; button_font=&#8220;PT Sans|700||on|||||&#8220; button_on_hover=&#8220;off&#8220; custom_margin=&#8220;|||&#8220; custom_padding=&#8220;|||&#8220; button_text_size__hover_enabled=&#8220;off&#8220; button_one_text_size__hover_enabled=&#8220;off&#8220; button_two_text_size__hover_enabled=&#8220;off&#8220; button_text_color__hover_enabled=&#8220;off&#8220; button_one_text_color__hover_enabled=&#8220;off&#8220; button_two_text_color__hover_enabled=&#8220;off&#8220; button_border_width__hover_enabled=&#8220;off&#8220; button_one_border_width__hover_enabled=&#8220;off&#8220; button_two_border_width__hover_enabled=&#8220;off&#8220; button_border_color__hover_enabled=&#8220;off&#8220; button_one_border_color__hover_enabled=&#8220;off&#8220; button_two_border_color__hover_enabled=&#8220;off&#8220; button_border_radius__hover_enabled=&#8220;off&#8220; button_one_border_radius__hover_enabled=&#8220;off&#8220; button_two_border_radius__hover_enabled=&#8220;off&#8220; button_letter_spacing__hover_enabled=&#8220;off&#8220; button_one_letter_spacing__hover_enabled=&#8220;off&#8220; button_two_letter_spacing__hover_enabled=&#8220;off&#8220; button_bg_color__hover_enabled=&#8220;off&#8220; button_one_bg_color__hover_enabled=&#8220;off&#8220; button_two_bg_color__hover_enabled=&#8220;off&#8220;][\/et_pb_button][\/et_pb_column][et_pb_column type=&#8220;1_3&#8243; _builder_version=&#8220;3.25&#8243; background_color=&#8220;#2e3858&#8243; custom_padding=&#8220;30px|30px|30px|30px&#8220; custom_padding__hover=&#8220;|||&#8220;][et_pb_blurb title=&#8220;IT-Vernetzung&#8220; image=&#8220;http:\/\/www.net-adm.de\/wp-content\/uploads\/2021\/03\/network.png&#8220; image_max_width=&#8220;33%&#8220; content_max_width=&#8220;284px&#8220; _builder_version=&#8220;4.6.5&#8243; header_font=&#8220;PT Sans|700|||||||&#8220; header_line_height=&#8220;25px&#8220; body_font=&#8220;PT Sans||||||||&#8220; body_text_color=&#8220;rgba(255,255,255,0.7)&#8220; body_font_size=&#8220;16px&#8220; body_line_height=&#8220;1.8em&#8220; text_orientation=&#8220;center&#8220; background_layout=&#8220;dark&#8220; custom_margin=&#8220;|||&#8220; custom_padding=&#8220;|||&#8220; animation_style=&#8220;slide&#8220; animation_direction=&#8220;bottom&#8220; animation_delay=&#8220;200ms&#8220; animation_intensity_slide=&#8220;10%&#8220; animation=&#8220;off&#8220;]<\/p>\n<p>Gew\u00e4hrleistung von technischer Effizienz durch Erreichbarkeit und Verf\u00fcgbarkeit.<\/p>\n<p>[\/et_pb_blurb][et_pb_button button_url=&#8220;https:\/\/www.net-adm.de\/?page_id=219340&#8243; button_text=&#8220;mehr&#8220; button_alignment=&#8220;center&#8220; _builder_version=&#8220;4.6.5&#8243; custom_button=&#8220;on&#8220; button_text_size=&#8220;14px&#8220; button_text_color=&#8220;#ea5c84&#8243; button_border_width=&#8220;0px&#8220; button_border_radius=&#8220;0px&#8220; button_letter_spacing=&#8220;0px&#8220; button_font=&#8220;PT Sans|700||on|||||&#8220; button_on_hover=&#8220;off&#8220; custom_margin=&#8220;|||&#8220; custom_padding=&#8220;|||&#8220; button_text_size__hover_enabled=&#8220;off&#8220; button_one_text_size__hover_enabled=&#8220;off&#8220; button_two_text_size__hover_enabled=&#8220;off&#8220; button_text_color__hover_enabled=&#8220;off&#8220; button_one_text_color__hover_enabled=&#8220;off&#8220; button_two_text_color__hover_enabled=&#8220;off&#8220; button_border_width__hover_enabled=&#8220;off&#8220; button_one_border_width__hover_enabled=&#8220;off&#8220; button_two_border_width__hover_enabled=&#8220;off&#8220; button_border_color__hover_enabled=&#8220;off&#8220; button_one_border_color__hover_enabled=&#8220;off&#8220; button_two_border_color__hover_enabled=&#8220;off&#8220; button_border_radius__hover_enabled=&#8220;off&#8220; button_one_border_radius__hover_enabled=&#8220;off&#8220; button_two_border_radius__hover_enabled=&#8220;off&#8220; button_letter_spacing__hover_enabled=&#8220;off&#8220; button_one_letter_spacing__hover_enabled=&#8220;off&#8220; button_two_letter_spacing__hover_enabled=&#8220;off&#8220; button_bg_color__hover_enabled=&#8220;off&#8220; button_one_bg_color__hover_enabled=&#8220;off&#8220; button_two_bg_color__hover_enabled=&#8220;off&#8220;][\/et_pb_button][\/et_pb_column][\/et_pb_row][et_pb_row _builder_version=&#8220;4.6.5&#8243; _module_preset=&#8220;default&#8220;][et_pb_column type=&#8220;4_4&#8243; _builder_version=&#8220;4.6.5&#8243; _module_preset=&#8220;default&#8220;][et_pb_button button_url=&#8220;https:\/\/www.net-adm.de\/?page_id=219340&#8243; button_text=&#8220;Mehr Dienstleistungen&#8220; button_alignment=&#8220;center&#8220; _builder_version=&#8220;4.6.5&#8243; _module_preset=&#8220;default&#8220; custom_button=&#8220;on&#8220; button_text_size=&#8220;21px&#8220; button_bg_color=&#8220;rgba(75,140,193,0.84)&#8220; button_border_width=&#8220;0px&#8220; background_layout=&#8220;dark&#8220;][\/et_pb_button][\/et_pb_column][\/et_pb_row][\/et_pb_section]<\/p>\n","protected":false},"excerpt":{"rendered":"<p>[et_pb_section fb_built=&#8220;1&#8243; admin_label=&#8220;Hero Section&#8220; _builder_version=&#8220;4.6.5&#8243; use_background_color_gradient=&#8220;on&#8220; background_color_gradient_start=&#8220;#0c71c3&#8243; background_color_gradient_end=&#8220;#212529&#8243; background_image=&#8220;http:\/\/www.net-adm.de\/wp-content\/uploads\/2021\/03\/DSSD.jpg&#8220; background_blend=&#8220;screen&#8220; custom_padding=&#8220;67px|0px|0px|0px||&#8220;][et_pb_row column_structure=&#8220;1_2,1_2&#8243; _builder_version=&#8220;4.6.5&#8243; background_size=&#8220;initial&#8220; background_position=&#8220;top_left&#8220; background_repeat=&#8220;repeat&#8220; custom_margin=&#8220;-24px|auto||auto||&#8220; custom_padding=&#8220;40px|||||&#8220;][et_pb_column type=&#8220;1_2&#8243; _builder_version=&#8220;3.25&#8243; custom_padding=&#8220;|||&#8220; custom_padding__hover=&#8220;|||&#8220;][et_pb_text _builder_version=&#8220;3.27.4&#8243; text_font=&#8220;PT Sans||||||||&#8220; text_text_color=&#8220;rgba(255,255,255,0.7)&#8220; text_font_size=&#8220;18px&#8220; text_line_height=&#8220;1.8em&#8220; header_font=&#8220;Poppins|500|||||||&#8220; header_font_size=&#8220;44px&#8220; header_line_height=&#8220;1.3em&#8220; header_2_font=&#8220;||||||||&#8220; header_3_font=&#8220;||||||||&#8220; header_4_font=&#8220;||||||||&#8220; background_layout=&#8220;dark&#8220;] Net-AD IT Solutions [\/et_pb_text][et_pb_blurb title=&#8220;IT-L\u00f6sungsanbieter f\u00fcr kleine und mittelst\u00e4ndische Unternehmen&#8220; use_icon=&#8220;on&#8220; font_icon=&#8220;%%202%%&#8220; icon_color=&#8220;#0c71c3&#8243; icon_placement=&#8220;left&#8220; use_icon_font_size=&#8220;on&#8220; icon_font_size=&#8220;24px&#8220; _builder_version=&#8220;4.6.5&#8243; header_font=&#8220;||||||||&#8220; header_text_color=&#8220;#231f1a&#8220; header_line_height=&#8220;1.3em&#8220; [&hellip;]<\/p>\n","protected":false},"author":1,"featured_media":0,"parent":0,"menu_order":0,"comment_status":"closed","ping_status":"closed","template":"","meta":{"_et_pb_use_builder":"on","_et_pb_old_content":"","_et_gb_content_width":"","footnotes":""},"class_list":["post-219161","page","type-page","status-publish","hentry"],"_links":{"self":[{"href":"https:\/\/www.net-adm.de\/index.php?rest_route=\/wp\/v2\/pages\/219161","targetHints":{"allow":["GET"]}}],"collection":[{"href":"https:\/\/www.net-adm.de\/index.php?rest_route=\/wp\/v2\/pages"}],"about":[{"href":"https:\/\/www.net-adm.de\/index.php?rest_route=\/wp\/v2\/types\/page"}],"author":[{"embeddable":true,"href":"https:\/\/www.net-adm.de\/index.php?rest_route=\/wp\/v2\/users\/1"}],"replies":[{"embeddable":true,"href":"https:\/\/www.net-adm.de\/index.php?rest_route=%2Fwp%2Fv2%2Fcomments&post=219161"}],"version-history":[{"count":15,"href":"https:\/\/www.net-adm.de\/index.php?rest_route=\/wp\/v2\/pages\/219161\/revisions"}],"predecessor-version":[{"id":219352,"href":"https:\/\/www.net-adm.de\/index.php?rest_route=\/wp\/v2\/pages\/219161\/revisions\/219352"}],"wp:attachment":[{"href":"https:\/\/www.net-adm.de\/index.php?rest_route=%2Fwp%2Fv2%2Fmedia&parent=219161"}],"curies":[{"name":"wp","href":"https:\/\/api.w.org\/{rel}","templated":true}]}}